{"id":8167,"date":"2025-05-22T13:58:01","date_gmt":"2025-05-22T11:58:01","guid":{"rendered":"https:\/\/nyendo-lernen.de\/?page_id=8167"},"modified":"2025-05-22T14:15:23","modified_gmt":"2025-05-22T12:15:23","slug":"donate","status":"publish","type":"page","link":"https:\/\/nyendo-lernen.de\/en\/donate\/","title":{"rendered":"Donate"},"content":{"rendered":"<p><div class=\"fusion-fullwidth fullwidth-box fusion-builder-row-1 fusion-flex-container has-pattern-background has-mask-background nonhundred-percent-fullwidth non-hundred-percent-height-scrolling\" style=\"--awb-border-radius-top-left:0px;--awb-border-radius-top-right:0px;--awb-border-radius-bottom-right:0px;--awb-border-radius-bottom-left:0px;--awb-padding-top:0px;--awb-flex-wrap:wrap;\" ><div class=\"fusion-builder-row fusion-row fusion-flex-align-items-flex-start fusion-flex-content-wrap\" style=\"max-width:1284px;margin-left: calc(-7% \/ 2 );margin-right: calc(-7% \/ 2 );\"><div class=\"fusion-layout-column fusion_builder_column fusion-builder-column-0 fusion_builder_column_2_3 2_3 fusion-flex-column\" style=\"--awb-bg-size:cover;--awb-width-large:66.666666666667%;--awb-margin-top-large:0px;--awb-spacing-right-large:4.8825%;--awb-margin-bottom-large:20px;--awb-spacing-left-large:4.8825%;--awb-width-medium:100%;--awb-order-medium:0;--awb-spacing-right-medium:3.255%;--awb-spacing-left-medium:3.255%;--awb-width-small:100%;--awb-order-small:0;--awb-spacing-right-small:3.255%;--awb-spacing-left-small:3.255%;\"><div class=\"fusion-column-wrapper fusion-column-has-shadow fusion-flex-justify-content-flex-start fusion-content-layout-column\"><div class=\"fusion-text fusion-text-1\"><p>In the western part of Nairobi, many children grow up under difficult conditions. Poverty, violence, and lack of access to education shape their daily lives \u2013 often, their world ends at the narrow borders of the slum. But there is hope.<\/p>\n<\/div><\/div><\/div><div class=\"fusion-layout-column fusion_builder_column fusion-builder-column-1 fusion_builder_column_1_3 1_3 fusion-flex-column\" style=\"--awb-bg-size:cover;--awb-width-large:33.333333333333%;--awb-margin-top-large:0px;--awb-spacing-right-large:9.765%;--awb-margin-bottom-large:20px;--awb-spacing-left-large:9.765%;--awb-width-medium:100%;--awb-order-medium:0;--awb-spacing-right-medium:3.255%;--awb-spacing-left-medium:3.255%;--awb-width-small:100%;--awb-order-small:0;--awb-spacing-right-small:3.255%;--awb-spacing-left-small:3.255%;\"><div class=\"fusion-column-wrapper fusion-column-has-shadow fusion-flex-justify-content-flex-start fusion-content-layout-column\"><div class=\"fusion-title title fusion-title-1 fusion-sep-none fusion-title-text fusion-title-size-two\" style=\"--awb-text-color:#fc7500;--awb-margin-top-small:0px;--awb-margin-right-small:0px;--awb-margin-bottom-small:10px;--awb-margin-left-small:0px;\"><h2 class=\"fusion-title-heading title-heading-left\" style=\"margin:0;\">Spendenkonto<\/h2><\/div><div class=\"fusion-text fusion-text-2\"><p>nyendo.lernen hand in hand UG<br \/>\nGLS Gemeinschaftsbank<br \/>\n<strong>IBAN DE91 4306 0967 8215 2357 00<br \/>\n<\/strong>BIC GENODEM1GLS<\/p>\n<\/div><div class=\"fusion-text fusion-text-3\"><p>A donation receipt can be issued.<\/p>\n<\/div><\/div><\/div><\/div><\/div><div class=\"fusion-fullwidth fullwidth-box fusion-builder-row-2 fusion-flex-container has-pattern-background has-mask-background nonhundred-percent-fullwidth non-hundred-percent-height-scrolling\" style=\"--awb-border-radius-top-left:0px;--awb-border-radius-top-right:0px;--awb-border-radius-bottom-right:0px;--awb-border-radius-bottom-left:0px;--awb-padding-top:0px;--awb-flex-wrap:wrap;\" ><div class=\"fusion-builder-row fusion-row fusion-flex-align-items-center fusion-flex-content-wrap\" style=\"max-width:1284px;margin-left: calc(-7% \/ 2 );margin-right: calc(-7% \/ 2 );\"><div class=\"fusion-layout-column fusion_builder_column fusion-builder-column-2 fusion_builder_column_1_3 1_3 fusion-flex-column\" style=\"--awb-bg-size:cover;--awb-width-large:33.333333333333%;--awb-margin-top-large:0px;--awb-spacing-right-large:9.765%;--awb-margin-bottom-large:20px;--awb-spacing-left-large:9.765%;--awb-width-medium:100%;--awb-order-medium:0;--awb-spacing-right-medium:3.255%;--awb-spacing-left-medium:3.255%;--awb-width-small:100%;--awb-order-small:0;--awb-spacing-right-small:3.255%;--awb-spacing-left-small:3.255%;\"><div class=\"fusion-column-wrapper fusion-column-has-shadow fusion-flex-justify-content-flex-start fusion-content-layout-column\"><div class=\"fusion-image-element \" style=\"--awb-aspect-ratio:2 \/ 3;--awb-object-position:51% 42%;--awb-caption-title-font-family:var(--h2_typography-font-family);--awb-caption-title-font-weight:var(--h2_typography-font-weight);--awb-caption-title-font-style:var(--h2_typography-font-style);--awb-caption-title-size:var(--h2_typography-font-size);--awb-caption-title-transform:var(--h2_typography-text-transform);--awb-caption-title-line-height:var(--h2_typography-line-height);--awb-caption-title-letter-spacing:var(--h2_typography-letter-spacing);\"><span class=\" fusion-imageframe imageframe-none imageframe-1 hover-type-none has-aspect-ratio\"><img decoding=\"async\" width=\"1200\" height=\"1600\" title=\"nyendo-spenden-kinder-kenia\" src=\"https:\/\/nyendo-lernen.de\/wp-content\/uploads\/2025\/05\/nyendo-spenden-kinder-kenia.jpg\" class=\"img-responsive wp-image-8125 img-with-aspect-ratio\" data-parent-fit=\"cover\" data-parent-container=\".fusion-image-element\" alt srcset=\"https:\/\/nyendo-lernen.de\/wp-content\/uploads\/2025\/05\/nyendo-spenden-kinder-kenia-200x267.jpg 200w, https:\/\/nyendo-lernen.de\/wp-content\/uploads\/2025\/05\/nyendo-spenden-kinder-kenia-400x533.jpg 400w, https:\/\/nyendo-lernen.de\/wp-content\/uploads\/2025\/05\/nyendo-spenden-kinder-kenia-600x800.jpg 600w, https:\/\/nyendo-lernen.de\/wp-content\/uploads\/2025\/05\/nyendo-spenden-kinder-kenia-800x1067.jpg 800w, https:\/\/nyendo-lernen.de\/wp-content\/uploads\/2025\/05\/nyendo-spenden-kinder-kenia.jpg 1200w\" sizes=\"(max-width: 1024px) 100vw, (max-width: 640px) 100vw, 400px\" \/><\/span><\/div><\/div><\/div><div class=\"fusion-layout-column fusion_builder_column fusion-builder-column-3 fusion_builder_column_2_3 2_3 fusion-flex-column\" style=\"--awb-bg-size:cover;--awb-width-large:66.666666666667%;--awb-margin-top-large:0px;--awb-spacing-right-large:4.8825%;--awb-margin-bottom-large:20px;--awb-spacing-left-large:4.8825%;--awb-width-medium:100%;--awb-order-medium:0;--awb-spacing-right-medium:3.255%;--awb-spacing-left-medium:3.255%;--awb-width-small:100%;--awb-order-small:0;--awb-spacing-right-small:3.255%;--awb-spacing-left-small:3.255%;\"><div class=\"fusion-column-wrapper fusion-column-has-shadow fusion-flex-justify-content-flex-start fusion-content-layout-column\"><div class=\"fusion-title title fusion-title-2 fusion-sep-none fusion-title-text fusion-title-size-two\" style=\"--awb-margin-top-small:0px;--awb-margin-right-small:0px;--awb-margin-bottom-small:10px;--awb-margin-left-small:0px;\"><h2 class=\"fusion-title-heading title-heading-left\" style=\"margin:0;\">Current project: Kangemi Kids Days<\/h2><\/div><div class=\"fusion-text fusion-text-4\"><p>What the children can expect at the Kangemi Kids Days:<\/p>\n<ul>\n<li>Educational and adventure outings, for example to the Kitengela Glassworks or the Mlango Farm, where they learn about sustainable farming methods<\/li>\n<li>Workshops and courses, such as self-defense, building self-confidence, and developing social skills<\/li>\n<li>Playful educational activities on the Oseki Farm, offering nature-based, child-friendly learning experiences<\/li>\n<\/ul>\n<p>Through these activities, the children gain new perspectives, discover their talents, and build confidence in themselves and their future. They learn to explore the world \u2014 with all their senses and a spirit of curiosity.<\/p>\n<\/div><\/div><\/div><\/div><\/div><div id=\"Spenden\" class=\"fusion-container-anchor\"><div class=\"fusion-fullwidth fullwidth-box fusion-builder-row-3 fusion-flex-container has-pattern-background has-mask-background nonhundred-percent-fullwidth non-hundred-percent-height-scrolling\" style=\"--awb-border-radius-top-left:0px;--awb-border-radius-top-right:0px;--awb-border-radius-bottom-right:0px;--awb-border-radius-bottom-left:0px;--awb-background-color:var(--awb-color5);--awb-flex-wrap:wrap;\" ><div class=\"fusion-builder-row fusion-row fusion-flex-align-items-flex-start fusion-flex-justify-content-center fusion-flex-content-wrap\" style=\"max-width:1284px;margin-left: calc(-7% \/ 2 );margin-right: calc(-7% \/ 2 );\"><div class=\"fusion-layout-column fusion_builder_column fusion-builder-column-4 fusion_builder_column_3_4 3_4 fusion-flex-column\" style=\"--awb-bg-size:cover;--awb-width-large:75%;--awb-margin-top-large:0px;--awb-spacing-right-large:4.34%;--awb-margin-bottom-large:20px;--awb-spacing-left-large:4.34%;--awb-width-medium:100%;--awb-order-medium:0;--awb-spacing-right-medium:3.255%;--awb-spacing-left-medium:3.255%;--awb-width-small:100%;--awb-order-small:0;--awb-spacing-right-small:3.255%;--awb-spacing-left-small:3.255%;\"><div class=\"fusion-column-wrapper fusion-column-has-shadow fusion-flex-justify-content-flex-start fusion-content-layout-column\"><div class=\"fusion-text fusion-text-5\" style=\"--awb-content-alignment:center;--awb-font-size:var(--awb-typography2-font-size);--awb-line-height:var(--awb-typography2-line-height);--awb-letter-spacing:var(--awb-typography2-letter-spacing);--awb-text-transform:var(--awb-typography2-text-transform);--awb-text-color:var(--awb-color1);--awb-text-font-family:var(--awb-typography2-font-family);--awb-text-font-weight:var(--awb-typography2-font-weight);--awb-text-font-style:var(--awb-typography2-font-style);\"><p>Nyendo.lernen stands for long-term impact, real encounters, and education on equal terms \u2013 in Kenya and Europe.<\/p>\n<p>Every donation counts. Every donation changes lives.<\/p>\n<\/div><\/div><\/div><\/div><\/div><\/div><div class=\"fusion-fullwidth fullwidth-box fusion-builder-row-4 fusion-flex-container has-pattern-background has-mask-background nonhundred-percent-fullwidth non-hundred-percent-height-scrolling\" style=\"--awb-border-radius-top-left:0px;--awb-border-radius-top-right:0px;--awb-border-radius-bottom-right:0px;--awb-border-radius-bottom-left:0px;--awb-flex-wrap:wrap;\" ><div class=\"fusion-builder-row fusion-row fusion-flex-align-items-flex-start fusion-flex-justify-content-center fusion-flex-content-wrap\" style=\"max-width:1284px;margin-left: calc(-7% \/ 2 );margin-right: calc(-7% \/ 2 );\"><div class=\"fusion-layout-column fusion_builder_column fusion-builder-column-5 fusion_builder_column_1_3 1_3 fusion-flex-column\" style=\"--awb-bg-size:cover;--awb-width-large:33.333333333333%;--awb-margin-top-large:0px;--awb-spacing-right-large:9.765%;--awb-margin-bottom-large:20px;--awb-spacing-left-large:9.765%;--awb-width-medium:100%;--awb-order-medium:0;--awb-spacing-right-medium:3.255%;--awb-spacing-left-medium:3.255%;--awb-width-small:100%;--awb-order-small:0;--awb-spacing-right-small:3.255%;--awb-spacing-left-small:3.255%;\"><div class=\"fusion-column-wrapper fusion-column-has-shadow fusion-flex-justify-content-flex-start fusion-content-layout-column\"><div class=\"fusion-title title fusion-title-3 fusion-sep-none fusion-title-text fusion-title-size-two\" style=\"--awb-text-color:#fc7500;--awb-margin-top-small:0px;--awb-margin-right-small:0px;--awb-margin-bottom-small:10px;--awb-margin-left-small:0px;\"><h2 class=\"fusion-title-heading title-heading-left\" style=\"margin:0;\">Donation account<\/h2><\/div><div class=\"fusion-text fusion-text-6\"><p>nyendo.lernen hand in hand UG<br \/>GLS Gemeinschaftsbank<br \/><strong>IBAN DE91 4306 0967 8215 2357 00<br \/><\/strong>BIC GENODEM1GLS<\/p>\n<p>A donation receipt can be issued.<\/p>\n<\/div><\/div><\/div><div class=\"fusion-layout-column fusion_builder_column fusion-builder-column-6 fusion_builder_column_2_3 2_3 fusion-flex-column\" style=\"--awb-bg-size:cover;--awb-width-large:66.666666666667%;--awb-margin-top-large:0px;--awb-spacing-right-large:4.8825%;--awb-margin-bottom-large:20px;--awb-spacing-left-large:4.8825%;--awb-width-medium:100%;--awb-order-medium:0;--awb-spacing-right-medium:3.255%;--awb-spacing-left-medium:3.255%;--awb-width-small:100%;--awb-order-small:0;--awb-spacing-right-small:3.255%;--awb-spacing-left-small:3.255%;\"><div class=\"fusion-column-wrapper fusion-column-has-shadow fusion-flex-justify-content-flex-start fusion-content-layout-column\"><div class=\"fusion-text fusion-text-7\"><p>Um unser Netzwerk aus engagierten Menschen in Europa und Afrika weiter auszubauen und m\u00f6glichst viele Projekte zu f\u00f6rdern, sind wir auf Spendengelder angewiesen. Unser Nyendo-Team arbeitet komplett ehrenamtlich. So kommen Ihre Spenden direkt dort an, wo sie gebraucht werden: bei den Sozialunternehmen unserer Sch\u00fcler*Innen in Europa sowie bei unseren Partnerprojekten in Afrika. Egal ob Einzelspender*in oder regelm\u00e4\u00dfige*r Spender*in als Teil unserer Nyendo-Family: jeder Beitrag ist gut investiert in eine gerechtere Zukunft.<\/p>\n<\/div><\/div><\/div><\/div><\/div><\/p>\n","protected":false},"excerpt":{"rendered":"","protected":false},"author":14,"featured_media":0,"parent":0,"menu_order":0,"comment_status":"closed","ping_status":"closed","template":"100-width.php","meta":{"footnotes":""},"class_list":["post-8167","page","type-page","status-publish","hentry"],"yoast_head":"<!-- This site is optimized with the Yoast SEO plugin v27.4 - https:\/\/yoast.com\/product\/yoast-seo-wordpress\/ -->\n<title>Donate - Nyendo Lernen<\/title>\n<meta name=\"robots\" content=\"index, follow, max-snippet:-1, max-image-preview:large, max-video-preview:-1\" \/>\n<link rel=\"canonical\" href=\"https:\/\/nyendo-lernen.de\/en\/donate\/\" \/>\n<meta property=\"og:locale\" content=\"en_US\" \/>\n<meta property=\"og:type\" content=\"article\" \/>\n<meta property=\"og:title\" content=\"Donate - Nyendo Lernen\" \/>\n<meta property=\"og:url\" content=\"https:\/\/nyendo-lernen.de\/en\/donate\/\" \/>\n<meta property=\"og:site_name\" content=\"Nyendo Lernen\" \/>\n<meta property=\"article:modified_time\" content=\"2025-05-22T12:15:23+00:00\" \/>\n<meta name=\"twitter:card\" content=\"summary_large_image\" \/>\n<meta name=\"twitter:label1\" content=\"Est. reading time\" \/>\n\t<meta name=\"twitter:data1\" content=\"3 minutes\" \/>\n<script type=\"application\/ld+json\" class=\"yoast-schema-graph\">{\"@context\":\"https:\\\/\\\/schema.org\",\"@graph\":[{\"@type\":\"WebPage\",\"@id\":\"https:\\\/\\\/nyendo-lernen.de\\\/en\\\/donate\\\/\",\"url\":\"https:\\\/\\\/nyendo-lernen.de\\\/en\\\/donate\\\/\",\"name\":\"Donate - Nyendo Lernen\",\"isPartOf\":{\"@id\":\"https:\\\/\\\/nyendo-lernen.de\\\/#website\"},\"datePublished\":\"2025-05-22T11:58:01+00:00\",\"dateModified\":\"2025-05-22T12:15:23+00:00\",\"breadcrumb\":{\"@id\":\"https:\\\/\\\/nyendo-lernen.de\\\/en\\\/donate\\\/#breadcrumb\"},\"inLanguage\":\"en-US\",\"potentialAction\":[{\"@type\":\"ReadAction\",\"target\":[\"https:\\\/\\\/nyendo-lernen.de\\\/en\\\/donate\\\/\"]}]},{\"@type\":\"BreadcrumbList\",\"@id\":\"https:\\\/\\\/nyendo-lernen.de\\\/en\\\/donate\\\/#breadcrumb\",\"itemListElement\":[{\"@type\":\"ListItem\",\"position\":1,\"name\":\"Startseite\",\"item\":\"https:\\\/\\\/nyendo-lernen.de\\\/en\\\/\"},{\"@type\":\"ListItem\",\"position\":2,\"name\":\"Donate\"}]},{\"@type\":\"WebSite\",\"@id\":\"https:\\\/\\\/nyendo-lernen.de\\\/#website\",\"url\":\"https:\\\/\\\/nyendo-lernen.de\\\/\",\"name\":\"Nyendo Lernen\",\"description\":\"Hand in Hand mit Schulen im Slum von Nairobi\",\"potentialAction\":[{\"@type\":\"SearchAction\",\"target\":{\"@type\":\"EntryPoint\",\"urlTemplate\":\"https:\\\/\\\/nyendo-lernen.de\\\/?s={search_term_string}\"},\"query-input\":{\"@type\":\"PropertyValueSpecification\",\"valueRequired\":true,\"valueName\":\"search_term_string\"}}],\"inLanguage\":\"en-US\"}]}<\/script>\n<!-- \/ Yoast SEO plugin. -->","yoast_head_json":{"title":"Donate - Nyendo Lernen","robots":{"index":"index","follow":"follow","max-snippet":"max-snippet:-1","max-image-preview":"max-image-preview:large","max-video-preview":"max-video-preview:-1"},"canonical":"https:\/\/nyendo-lernen.de\/en\/donate\/","og_locale":"en_US","og_type":"article","og_title":"Donate - Nyendo Lernen","og_url":"https:\/\/nyendo-lernen.de\/en\/donate\/","og_site_name":"Nyendo Lernen","article_modified_time":"2025-05-22T12:15:23+00:00","twitter_card":"summary_large_image","twitter_misc":{"Est. reading time":"3 minutes"},"schema":{"@context":"https:\/\/schema.org","@graph":[{"@type":"WebPage","@id":"https:\/\/nyendo-lernen.de\/en\/donate\/","url":"https:\/\/nyendo-lernen.de\/en\/donate\/","name":"Donate - Nyendo Lernen","isPartOf":{"@id":"https:\/\/nyendo-lernen.de\/#website"},"datePublished":"2025-05-22T11:58:01+00:00","dateModified":"2025-05-22T12:15:23+00:00","breadcrumb":{"@id":"https:\/\/nyendo-lernen.de\/en\/donate\/#breadcrumb"},"inLanguage":"en-US","potentialAction":[{"@type":"ReadAction","target":["https:\/\/nyendo-lernen.de\/en\/donate\/"]}]},{"@type":"BreadcrumbList","@id":"https:\/\/nyendo-lernen.de\/en\/donate\/#breadcrumb","itemListElement":[{"@type":"ListItem","position":1,"name":"Startseite","item":"https:\/\/nyendo-lernen.de\/en\/"},{"@type":"ListItem","position":2,"name":"Donate"}]},{"@type":"WebSite","@id":"https:\/\/nyendo-lernen.de\/#website","url":"https:\/\/nyendo-lernen.de\/","name":"Nyendo Lernen","description":"Hand in Hand mit Schulen im Slum von Nairobi","potentialAction":[{"@type":"SearchAction","target":{"@type":"EntryPoint","urlTemplate":"https:\/\/nyendo-lernen.de\/?s={search_term_string}"},"query-input":{"@type":"PropertyValueSpecification","valueRequired":true,"valueName":"search_term_string"}}],"inLanguage":"en-US"}]}},"_links":{"self":[{"href":"https:\/\/nyendo-lernen.de\/en\/wp-json\/wp\/v2\/pages\/8167","targetHints":{"allow":["GET"]}}],"collection":[{"href":"https:\/\/nyendo-lernen.de\/en\/wp-json\/wp\/v2\/pages"}],"about":[{"href":"https:\/\/nyendo-lernen.de\/en\/wp-json\/wp\/v2\/types\/page"}],"author":[{"embeddable":true,"href":"https:\/\/nyendo-lernen.de\/en\/wp-json\/wp\/v2\/users\/14"}],"replies":[{"embeddable":true,"href":"https:\/\/nyendo-lernen.de\/en\/wp-json\/wp\/v2\/comments?post=8167"}],"version-history":[{"count":4,"href":"https:\/\/nyendo-lernen.de\/en\/wp-json\/wp\/v2\/pages\/8167\/revisions"}],"predecessor-version":[{"id":8176,"href":"https:\/\/nyendo-lernen.de\/en\/wp-json\/wp\/v2\/pages\/8167\/revisions\/8176"}],"wp:attachment":[{"href":"https:\/\/nyendo-lernen.de\/en\/wp-json\/wp\/v2\/media?parent=8167"}],"curies":[{"name":"wp","href":"https:\/\/api.w.org\/{rel}","templated":true}]}}