{"id":2107,"date":"2019-09-11T14:45:45","date_gmt":"2019-09-11T12:45:45","guid":{"rendered":"https:\/\/nyendo-lernen.de\/?page_id=2107"},"modified":"2024-06-04T09:56:26","modified_gmt":"2024-06-04T07:56:26","slug":"site-notice","status":"publish","type":"page","link":"https:\/\/nyendo-lernen.de\/en\/site-notice\/","title":{"rendered":"Site notice"},"content":{"rendered":"<h2>Information pursuant to \u00a7 5 TMG<\/h2>\n<p>nyendo.lernen hand in hand UG (haftungsbeschr\u00e4nkt)<br \/>\nSteinstr. 8<br \/>\n81667 M\u00fcnchen<\/p>\n<p>Commercial Register: HRB 232587<br \/>\nRegistration court: M\u00fcnchen<\/p>\n<p><strong>Represented by:<\/strong><br \/>\nIrmgard Wutte<\/p>\n<h2>Contact<\/h2>\n<p>Phone: 089-45203215<br \/>\nE-mail: info@nyendo.de<\/p>\n<h2>VAT ID<\/h2>\n<p>Sales tax identification number according to \u00a7 27 a of the Sales Tax Law:<br \/>\n143\/237\/54617<\/p>\n<h2>EU dispute resolution<\/h2>\n<p>The European Commission provides a platform for online dispute resolution (ODR): <a href=\"https:\/\/ec.europa.eu\/consumers\/odr\" target=\"_blank\" rel=\"noopener noreferrer\">https:\/\/ec.europa.eu\/consumers\/odr<\/a>.<br \/> Our e-mail address can be found above in the site notice.<\/p>\n<p>We are not willing or obliged to participate in dispute resolution proceedings before a consumer arbitration board.<\/p>\n<h3>Liability for Contents<\/h3>\n<p>As service providers, we are liable for own contents of these websites according to Paragraph 7, Sect. 1 German Telemedia Act (TMG). However, according to Paragraphs 8 to 10 German Telemedia Act (TMG), service providers are not obligated to permanently monitor submitted or stored information or to search for evidences that indicate illegal activities.<\/p>\n<p>Legal obligations to removing information or to blocking the use of information remain unchallenged. In this case, liability is only possible at the time of knowledge about a specific violation of law. Illegal contents will be removed immediately at the time we get knowledge of them.<\/p>\n<h3>Liability for Links<\/h3>\n<p>Our offer includes links to external third party websites. We have no influence on the contents of those websites, therefore we cannot guarantee for those contents. Providers or administrators of linked websites are always responsible for their own contents.<\/p>\n<p>The linked websites had been checked for possible violations of law at the time of the establishment of the link. Illegal contents were not detected at the time of the linking. A permanent monitoring of the contents of linked websites cannot be imposed without reasonable indications that there has been a violation of law. Illegal links will be removed immediately at the time we get knowledge of them.<\/p>\n<h3>Copyright<\/h3>\n<p>Contents and compilations published on these websites by the providers are subject to German copyright laws. Reproduction, editing, distribution as well as the use of any kind outside the scope of the copyright law require a written permission of the author or originator. Downloads and copies of these websites are permitted for private use only.<br \/> The commercial use of our contents without permission of the originator is prohibited.<\/p>\n<p>Copyright laws of third parties are respected as long as the contents on these websites do not originate from the provider. Contributions of third parties on this site are indicated as such. However, if you notice any violations of copyright law, please inform us. Such contents will be removed immediately.<\/p>\n","protected":false},"excerpt":{"rendered":"<p>Information pursuant to \u00a7 5 TMG nyendo.lernen hand in hand UG (haftungsbeschr\u00e4nkt) Steinstr. 8 81667 M\u00fcnchen Commercial Register: HRB 232587 Registration court: M\u00fcnchen Represented by: Irmgard Wutte Contact Phone: 089-45203215 E-mail: info@nyendo.de VAT ID Sales tax identification number according to  [&#8230;]<\/p>\n","protected":false},"author":1,"featured_media":0,"parent":0,"menu_order":100,"comment_status":"closed","ping_status":"closed","template":"","meta":{"footnotes":""},"class_list":["post-2107","page","type-page","status-publish","hentry"],"yoast_head":"<!-- This site is optimized with the Yoast SEO plugin v27.4 - https:\/\/yoast.com\/product\/yoast-seo-wordpress\/ -->\n<title>Site notice - Nyendo Lernen<\/title>\n<meta name=\"robots\" content=\"index, follow, max-snippet:-1, max-image-preview:large, max-video-preview:-1\" \/>\n<link rel=\"canonical\" href=\"https:\/\/nyendo-lernen.de\/en\/site-notice\/\" \/>\n<meta property=\"og:locale\" content=\"en_US\" \/>\n<meta property=\"og:type\" content=\"article\" \/>\n<meta property=\"og:title\" content=\"Site notice - Nyendo Lernen\" \/>\n<meta property=\"og:description\" content=\"Information pursuant to \u00a7 5 TMG nyendo.lernen hand in hand UG (haftungsbeschr\u00e4nkt) Steinstr. 8 81667 M\u00fcnchen Commercial Register: HRB 232587 Registration court: M\u00fcnchen Represented by: Irmgard Wutte Contact Phone: 089-45203215 E-mail: info@nyendo.de VAT ID Sales tax identification number according to [...]\" \/>\n<meta property=\"og:url\" content=\"https:\/\/nyendo-lernen.de\/en\/site-notice\/\" \/>\n<meta property=\"og:site_name\" content=\"Nyendo Lernen\" \/>\n<meta property=\"article:modified_time\" content=\"2024-06-04T07:56:26+00:00\" \/>\n<meta name=\"twitter:card\" content=\"summary_large_image\" \/>\n<meta name=\"twitter:label1\" content=\"Est. reading time\" \/>\n\t<meta name=\"twitter:data1\" content=\"3 minutes\" \/>\n<script type=\"application\/ld+json\" class=\"yoast-schema-graph\">{\"@context\":\"https:\\\/\\\/schema.org\",\"@graph\":[{\"@type\":\"WebPage\",\"@id\":\"https:\\\/\\\/nyendo-lernen.de\\\/en\\\/site-notice\\\/\",\"url\":\"https:\\\/\\\/nyendo-lernen.de\\\/en\\\/site-notice\\\/\",\"name\":\"Site notice - Nyendo Lernen\",\"isPartOf\":{\"@id\":\"https:\\\/\\\/nyendo-lernen.de\\\/#website\"},\"datePublished\":\"2019-09-11T12:45:45+00:00\",\"dateModified\":\"2024-06-04T07:56:26+00:00\",\"breadcrumb\":{\"@id\":\"https:\\\/\\\/nyendo-lernen.de\\\/en\\\/site-notice\\\/#breadcrumb\"},\"inLanguage\":\"en-US\",\"potentialAction\":[{\"@type\":\"ReadAction\",\"target\":[\"https:\\\/\\\/nyendo-lernen.de\\\/en\\\/site-notice\\\/\"]}]},{\"@type\":\"BreadcrumbList\",\"@id\":\"https:\\\/\\\/nyendo-lernen.de\\\/en\\\/site-notice\\\/#breadcrumb\",\"itemListElement\":[{\"@type\":\"ListItem\",\"position\":1,\"name\":\"Startseite\",\"item\":\"https:\\\/\\\/nyendo-lernen.de\\\/en\\\/\"},{\"@type\":\"ListItem\",\"position\":2,\"name\":\"Site notice\"}]},{\"@type\":\"WebSite\",\"@id\":\"https:\\\/\\\/nyendo-lernen.de\\\/#website\",\"url\":\"https:\\\/\\\/nyendo-lernen.de\\\/\",\"name\":\"Nyendo Lernen\",\"description\":\"Hand in Hand mit Schulen im Slum von Nairobi\",\"potentialAction\":[{\"@type\":\"SearchAction\",\"target\":{\"@type\":\"EntryPoint\",\"urlTemplate\":\"https:\\\/\\\/nyendo-lernen.de\\\/?s={search_term_string}\"},\"query-input\":{\"@type\":\"PropertyValueSpecification\",\"valueRequired\":true,\"valueName\":\"search_term_string\"}}],\"inLanguage\":\"en-US\"}]}<\/script>\n<!-- \/ Yoast SEO plugin. -->","yoast_head_json":{"title":"Site notice - Nyendo Lernen","robots":{"index":"index","follow":"follow","max-snippet":"max-snippet:-1","max-image-preview":"max-image-preview:large","max-video-preview":"max-video-preview:-1"},"canonical":"https:\/\/nyendo-lernen.de\/en\/site-notice\/","og_locale":"en_US","og_type":"article","og_title":"Site notice - Nyendo Lernen","og_description":"Information pursuant to \u00a7 5 TMG nyendo.lernen hand in hand UG (haftungsbeschr\u00e4nkt) Steinstr. 8 81667 M\u00fcnchen Commercial Register: HRB 232587 Registration court: M\u00fcnchen Represented by: Irmgard Wutte Contact Phone: 089-45203215 E-mail: info@nyendo.de VAT ID Sales tax identification number according to [...]","og_url":"https:\/\/nyendo-lernen.de\/en\/site-notice\/","og_site_name":"Nyendo Lernen","article_modified_time":"2024-06-04T07:56:26+00:00","twitter_card":"summary_large_image","twitter_misc":{"Est. reading time":"3 minutes"},"schema":{"@context":"https:\/\/schema.org","@graph":[{"@type":"WebPage","@id":"https:\/\/nyendo-lernen.de\/en\/site-notice\/","url":"https:\/\/nyendo-lernen.de\/en\/site-notice\/","name":"Site notice - Nyendo Lernen","isPartOf":{"@id":"https:\/\/nyendo-lernen.de\/#website"},"datePublished":"2019-09-11T12:45:45+00:00","dateModified":"2024-06-04T07:56:26+00:00","breadcrumb":{"@id":"https:\/\/nyendo-lernen.de\/en\/site-notice\/#breadcrumb"},"inLanguage":"en-US","potentialAction":[{"@type":"ReadAction","target":["https:\/\/nyendo-lernen.de\/en\/site-notice\/"]}]},{"@type":"BreadcrumbList","@id":"https:\/\/nyendo-lernen.de\/en\/site-notice\/#breadcrumb","itemListElement":[{"@type":"ListItem","position":1,"name":"Startseite","item":"https:\/\/nyendo-lernen.de\/en\/"},{"@type":"ListItem","position":2,"name":"Site notice"}]},{"@type":"WebSite","@id":"https:\/\/nyendo-lernen.de\/#website","url":"https:\/\/nyendo-lernen.de\/","name":"Nyendo Lernen","description":"Hand in Hand mit Schulen im Slum von Nairobi","potentialAction":[{"@type":"SearchAction","target":{"@type":"EntryPoint","urlTemplate":"https:\/\/nyendo-lernen.de\/?s={search_term_string}"},"query-input":{"@type":"PropertyValueSpecification","valueRequired":true,"valueName":"search_term_string"}}],"inLanguage":"en-US"}]}},"_links":{"self":[{"href":"https:\/\/nyendo-lernen.de\/en\/wp-json\/wp\/v2\/pages\/2107","targetHints":{"allow":["GET"]}}],"collection":[{"href":"https:\/\/nyendo-lernen.de\/en\/wp-json\/wp\/v2\/pages"}],"about":[{"href":"https:\/\/nyendo-lernen.de\/en\/wp-json\/wp\/v2\/types\/page"}],"author":[{"embeddable":true,"href":"https:\/\/nyendo-lernen.de\/en\/wp-json\/wp\/v2\/users\/1"}],"replies":[{"embeddable":true,"href":"https:\/\/nyendo-lernen.de\/en\/wp-json\/wp\/v2\/comments?post=2107"}],"version-history":[{"count":2,"href":"https:\/\/nyendo-lernen.de\/en\/wp-json\/wp\/v2\/pages\/2107\/revisions"}],"predecessor-version":[{"id":7178,"href":"https:\/\/nyendo-lernen.de\/en\/wp-json\/wp\/v2\/pages\/2107\/revisions\/7178"}],"wp:attachment":[{"href":"https:\/\/nyendo-lernen.de\/en\/wp-json\/wp\/v2\/media?parent=2107"}],"curies":[{"name":"wp","href":"https:\/\/api.w.org\/{rel}","templated":true}]}}